{"id":7661,"date":"2023-09-13T10:49:46","date_gmt":"2023-09-13T10:49:46","guid":{"rendered":"https:\/\/4values.pl\/our-values\/"},"modified":"2024-09-09T11:27:58","modified_gmt":"2024-09-09T11:27:58","slug":"our-values","status":"publish","type":"page","link":"https:\/\/4values.pl\/en\/our-values\/","title":{"rendered":"Our values"},"content":{"rendered":"<p>[et_pb_section fb_built=&#8221;1&#8243; _builder_version=&#8221;4.22.0&#8243; _module_preset=&#8221;default&#8221; custom_padding=&#8221;||5px|||&#8221; global_colors_info=&#8221;{}&#8221;][et_pb_row _builder_version=&#8221;4.22.0&#8243; _module_preset=&#8221;default&#8221; global_colors_info=&#8221;{}&#8221;][et_pb_column type=&#8221;4_4&#8243; _builder_version=&#8221;4.22.0&#8243; _module_preset=&#8221;default&#8221; global_colors_info=&#8221;{}&#8221;][et_pb_text module_class=&#8221;naglowek-blue&#8221; _builder_version=&#8221;4.22.0&#8243; _module_preset=&#8221;default&#8221; text_font_size=&#8221;30px&#8221; header_3_font=&#8221;|700|||||||&#8221; header_3_text_align=&#8221;center&#8221; header_3_font_size=&#8221;30px&#8221; locked=&#8221;off&#8221; global_colors_info=&#8221;{}&#8221;]<\/p>\n<h3>About <i>us<\/i><\/h3>\n<p>[\/et_pb_text][\/et_pb_column][\/et_pb_row][et_pb_row column_structure=&#8221;1_2,1_2&#8243; _builder_version=&#8221;4.22.0&#8243; _module_preset=&#8221;default&#8221; hover_enabled=&#8221;0&#8243; global_colors_info=&#8221;{}&#8221; custom_padding_last_edited=&#8221;on|tablet&#8221; custom_padding_tablet=&#8221;||0px||false|false&#8221; sticky_enabled=&#8221;0&#8243; custom_padding_phone=&#8221;||0px||false|false&#8221;][et_pb_column type=&#8221;1_2&#8243; _builder_version=&#8221;4.22.0&#8243; _module_preset=&#8221;default&#8221; global_colors_info=&#8221;{}&#8221;][et_pb_text _builder_version=&#8221;4.22.0&#8243; _module_preset=&#8221;default&#8221; global_colors_info=&#8221;{}&#8221;]The name 4Values comes from our 4 core values:[\/et_pb_text][\/et_pb_column][et_pb_column type=&#8221;1_2&#8243; _builder_version=&#8221;4.22.0&#8243; _module_preset=&#8221;default&#8221; global_colors_info=&#8221;{}&#8221;][\/et_pb_column][\/et_pb_row][et_pb_row column_structure=&#8221;1_2,1_2&#8243; _builder_version=&#8221;4.22.0&#8243; _module_preset=&#8221;default&#8221; global_colors_info=&#8221;{}&#8221; custom_padding=&#8221;0px|||||&#8221;][et_pb_column type=&#8221;1_2&#8243; _builder_version=&#8221;4.22.0&#8243; _module_preset=&#8221;default&#8221; global_colors_info=&#8221;{}&#8221;][et_pb_divider _builder_version=&#8221;4.22.0&#8243; _module_preset=&#8221;default&#8221; title_text=&#8221;wartosciZas\u00f3b 8&#8243; background_image=&#8221;http:\/\/4values.pl\/wp-content\/uploads\/2023\/09\/wartosciZasob-8.png&#8221; background_size=&#8221;contain&#8221; show_divider=&#8221;off&#8221; min_height=&#8221;310px&#8221; module_class=&#8221;wartosc&#8221; hover_enabled=&#8221;0&#8243; sticky_enabled=&#8221;0&#8243; custom_margin_last_edited=&#8221;on|phone&#8221; custom_margin_phone=&#8221;-50px||||false|false&#8221; custom_padding=&#8221;||10px||false|false&#8221;][\/et_pb_divider][\/et_pb_column][et_pb_column type=&#8221;1_2&#8243; _builder_version=&#8221;4.22.0&#8243; _module_preset=&#8221;default&#8221; global_colors_info=&#8221;{}&#8221;][et_pb_code _builder_version=&#8221;4.22.0&#8243; _module_preset=&#8221;default&#8221; hover_enabled=&#8221;0&#8243; sticky_enabled=&#8221;0&#8243; custom_margin=&#8221;58px||||false|false&#8221; custom_margin_last_edited=&#8221;on|desktop&#8221; custom_margin_tablet=&#8221;0px||||false|false&#8221; custom_margin_phone=&#8221;0px||||false|false&#8221;]<\/p>\n<div class=\"elementy\"><!-- [et_pb_line_break_holder] -->  <\/p>\n<div class=\"selektor wartosc-1 aktywny\">\n<h3><!-- [et_pb_line_break_holder] -->    Customer satisfaction.<!-- [et_pb_line_break_holder] -->    <\/h3>\n<\/div>\n<p><!-- [et_pb_line_break_holder] -->  <\/p>\n<div class=\"selektor wartosc-2\">\n<h3>Proactivity and openness to change.<\/h3>\n<\/div>\n<p><!-- [et_pb_line_break_holder] -->  <\/p>\n<div class=\"selektor wartosc-3\">\n<h3>Innovation.<\/h3>\n<\/div>\n<p><!-- [et_pb_line_break_holder] -->  <\/p>\n<div class=\"selektor wartosc-4\">\n<h3>Credibility.<\/h3>\n<\/div>\n<p><!-- [et_pb_line_break_holder] --><\/div>\n<p><!-- [et_pb_line_break_holder] --><script><!-- [et_pb_line_break_holder] --> const elementy = document.querySelectorAll('.elementy > .selektor');<!-- [et_pb_line_break_holder] -->const wynikElement = document.querySelector('.wartosc');<!-- [et_pb_line_break_holder] --><!-- [et_pb_line_break_holder] -->let indeksAktywnego = 0;<!-- [et_pb_line_break_holder] --><!-- [et_pb_line_break_holder] -->function zmienAktywnyElement() {<!-- [et_pb_line_break_holder] -->  elementy.forEach((element, indeks) => {<!-- [et_pb_line_break_holder] -->    if (indeks === indeksAktywnego) {<!-- [et_pb_line_break_holder] -->      element.classList.add('aktywny');<!-- [et_pb_line_break_holder] -->    } else {<!-- [et_pb_line_break_holder] -->      element.classList.remove('aktywny');<!-- [et_pb_line_break_holder] -->    }<!-- [et_pb_line_break_holder] -->  });<!-- [et_pb_line_break_holder] --><!-- [et_pb_line_break_holder] -->  const aktywnyKlasa = `wartosc-${indeksAktywnego + 1}`;<!-- [et_pb_line_break_holder] -->  wynikElement.className = `wartosc ${aktywnyKlasa}`;<!-- [et_pb_line_break_holder] -->  <!-- [et_pb_line_break_holder] -->  indeksAktywnego = (indeksAktywnego + 1) % elementy.length;<!-- [et_pb_line_break_holder] -->}<!-- [et_pb_line_break_holder] --><!-- [et_pb_line_break_holder] -->zmienAktywnyElement(); \/\/ Uruchom funkcj\u0119 na pocz\u0105tku, aby pierwszy element by\u0142 aktywny od razu<!-- [et_pb_line_break_holder] --><!-- [et_pb_line_break_holder] -->setInterval(zmienAktywnyElement, 2000);<!-- [et_pb_line_break_holder] --><!-- [et_pb_line_break_holder] -->\/\/ Dodaj obs\u0142ug\u0119 klikni\u0119cia na elementy, aby zmienia\u0107 aktywny element<!-- [et_pb_line_break_holder] -->elementy.forEach((element, indeks) => {<!-- [et_pb_line_break_holder] -->  element.addEventListener('click', () => {<!-- [et_pb_line_break_holder] -->    indeksAktywnego = indeks;<!-- [et_pb_line_break_holder] -->    zmienAktywnyElement();<!-- [et_pb_line_break_holder] -->  });<!-- [et_pb_line_break_holder] -->});<!-- [et_pb_line_break_holder] --><\/script>[\/et_pb_code][\/et_pb_column][\/et_pb_row][et_pb_row _builder_version=&#8221;4.22.0&#8243; _module_preset=&#8221;default&#8221; global_colors_info=&#8221;{}&#8221;][et_pb_column type=&#8221;4_4&#8243; _builder_version=&#8221;4.22.0&#8243; _module_preset=&#8221;default&#8221; global_colors_info=&#8221;{}&#8221;][et_pb_text _builder_version=&#8221;4.22.0&#8243; _module_preset=&#8221;default&#8221; global_colors_info=&#8221;{}&#8221;]<\/p>\n<p>A company operating a distribution centre that handles orders sent to Poland, but also to more than 100 countries around the world, including European Union, Middle and Far East, North America, etc. &#8211; We are three partners: Marta Ma\u0142ecka, Przemek Zborowski and Pawe\u0142 Bednarz.<\/p>\n<p>We set up 4Values, a distribution centre, believing that it would become our dream company and that the way we operated would fulfil our customers&#8217; dreams of excellent service, worry-free logistics, efficient delivery and cost control. We also wanted to make working at 4Values rewarding for our employees, so that they would stay with us for years and feel that they were important and part of our collective success, co-creating with us the processes that the logistics operator performs and executing them on a daily basis.<\/p>\n<p>It started with handling orders for the Polish and EU markets &#8211; from Pruszk\u00f3w, near Warsaw, in 2018 we opened a distribution centre in the UK, and in 2020 we will be handling shipments from Poland to more than 80 countries around the world!<br \/>\nIn 2023 we plan to open a logistics centre in the USA. In Poland, we serve Polish customers from Warsaw and the surrounding area, as well as working with e-commerce brands from all over the country.<\/p>\n<p>[\/et_pb_text][\/et_pb_column][\/et_pb_row][\/et_pb_section][et_pb_section fb_built=&#8221;1&#8243; _builder_version=&#8221;4.22.0&#8243; _module_preset=&#8221;default&#8221; custom_padding=&#8221;12px||3px|||&#8221; global_colors_info=&#8221;{}&#8221;][et_pb_row column_structure=&#8221;1_2,1_2&#8243; _builder_version=&#8221;4.22.0&#8243; _module_preset=&#8221;default&#8221; background_color=&#8221;#f8f9fa&#8221; max_width=&#8221;1600px&#8221; custom_padding=&#8221;4px||4px|||&#8221; global_colors_info=&#8221;{}&#8221;][et_pb_column type=&#8221;1_2&#8243; _builder_version=&#8221;4.22.0&#8243; _module_preset=&#8221;default&#8221; global_colors_info=&#8221;{}&#8221;][et_pb_code _builder_version=&#8221;4.22.0&#8243; _module_preset=&#8221;default&#8221; custom_margin=&#8221;-2px|||||&#8221; global_colors_info=&#8221;{}&#8221;]<iframe src=\"https:\/\/www.google.com\/maps\/embed?pb=!1m18!1m12!1m3!1d2446.9338438137274!2d20.763620677037167!3d52.17189626194336!2m3!1f0!2f0!3f0!3m2!1i1024!2i768!4f13.1!3m3!1m2!1s0x47194bb1ff27b927%3A0xb1a0101a544a6578!2s4Values%20Sp.%20z%20o.o.!5e0!3m2!1spl!2spl!4v1692884366597!5m2!1spl!2spl\" width=\"100%\" height=\"560px\" style=\"border:0;\" allowfullscreen=\"\" loading=\"lazy\" referrerpolicy=\"no-referrer-when-downgrade\"><\/iframe>[\/et_pb_code][\/et_pb_column][et_pb_column type=&#8221;1_2&#8243; _builder_version=&#8221;4.22.0&#8243; _module_preset=&#8221;default&#8221; global_colors_info=&#8221;{}&#8221;][et_pb_text module_class=&#8221;naglowek-blue form&#8221; _builder_version=&#8221;4.22.0&#8243; _module_preset=&#8221;default&#8221; text_font_size=&#8221;30px&#8221; header_3_font=&#8221;|700|||||||&#8221; header_3_text_align=&#8221;center&#8221; header_3_font_size=&#8221;30px&#8221; custom_margin=&#8221;33px||26px|||&#8221; locked=&#8221;off&#8221; global_colors_info=&#8221;{}&#8221;]<\/p>\n<h4>Write <i>to us<\/i><\/h4>\n<p>[\/et_pb_text][et_pb_contact_form captcha=&#8221;off&#8221; submit_button_text=&#8221;send&#8221; _builder_version=&#8221;4.22.0&#8243; _module_preset=&#8221;default&#8221; _unique_id=&#8221;4ac38d15-51bb-401e-a2f3-19f940350afc&#8221; form_field_background_color=&#8221;#FFFFFF&#8221; custom_button=&#8221;on&#8221; button_text_size=&#8221;14px&#8221; button_custom_margin=&#8221;||||false|false&#8221; button_custom_padding=&#8221;|40px||40px|false|false&#8221; button_custom_padding_tablet=&#8221;|40px||40px|false|false&#8221; button_custom_padding_phone=&#8221;|40px||40px|false|false&#8221; button_custom_padding_last_edited=&#8221;on|phone&#8221; max_width=&#8221;500px&#8221; custom_margin=&#8221;||||false|false&#8221; custom_padding=&#8221;||42px|||&#8221; global_colors_info=&#8221;{}&#8221;][et_pb_contact_field field_id=&#8221;Name&#8221; field_title=&#8221;name&#8221; _builder_version=&#8221;4.22.0&#8243; global_colors_info=&#8221;{}&#8221; button_text_size__hover_enabled=&#8221;off&#8221; button_one_text_size__hover_enabled=&#8221;off&#8221; button_two_text_size__hover_enabled=&#8221;off&#8221; button_text_color__hover_enabled=&#8221;off&#8221; button_one_text_color__hover_enabled=&#8221;off&#8221; button_two_text_color__hover_enabled=&#8221;off&#8221; button_border_width__hover_enabled=&#8221;off&#8221; button_one_border_width__hover_enabled=&#8221;off&#8221; button_two_border_width__hover_enabled=&#8221;off&#8221; button_border_color__hover_enabled=&#8221;off&#8221; button_one_border_color__hover_enabled=&#8221;off&#8221; button_two_border_color__hover_enabled=&#8221;off&#8221; button_border_radius__hover_enabled=&#8221;off&#8221; button_one_border_radius__hover_enabled=&#8221;off&#8221; button_two_border_radius__hover_enabled=&#8221;off&#8221; button_letter_spacing__hover_enabled=&#8221;off&#8221; button_one_letter_spacing__hover_enabled=&#8221;off&#8221; button_two_letter_spacing__hover_enabled=&#8221;off&#8221; button_bg_color__hover_enabled=&#8221;off&#8221; button_one_bg_color__hover_enabled=&#8221;off&#8221; button_two_bg_color__hover_enabled=&#8221;off&#8221;][\/et_pb_contact_field][et_pb_contact_field field_id=&#8221;Email&#8221; field_title=&#8221;e-mail&#8221; field_type=&#8221;email&#8221; _builder_version=&#8221;4.22.0&#8243; global_colors_info=&#8221;{}&#8221; button_text_size__hover_enabled=&#8221;off&#8221; button_one_text_size__hover_enabled=&#8221;off&#8221; button_two_text_size__hover_enabled=&#8221;off&#8221; button_text_color__hover_enabled=&#8221;off&#8221; button_one_text_color__hover_enabled=&#8221;off&#8221; button_two_text_color__hover_enabled=&#8221;off&#8221; button_border_width__hover_enabled=&#8221;off&#8221; button_one_border_width__hover_enabled=&#8221;off&#8221; button_two_border_width__hover_enabled=&#8221;off&#8221; button_border_color__hover_enabled=&#8221;off&#8221; button_one_border_color__hover_enabled=&#8221;off&#8221; button_two_border_color__hover_enabled=&#8221;off&#8221; button_border_radius__hover_enabled=&#8221;off&#8221; button_one_border_radius__hover_enabled=&#8221;off&#8221; button_two_border_radius__hover_enabled=&#8221;off&#8221; button_letter_spacing__hover_enabled=&#8221;off&#8221; button_one_letter_spacing__hover_enabled=&#8221;off&#8221; button_two_letter_spacing__hover_enabled=&#8221;off&#8221; button_bg_color__hover_enabled=&#8221;off&#8221; button_one_bg_color__hover_enabled=&#8221;off&#8221; button_two_bg_color__hover_enabled=&#8221;off&#8221;][\/et_pb_contact_field][et_pb_contact_field field_id=&#8221;temat&#8221; field_title=&#8221;subject&#8221; fullwidth_field=&#8221;on&#8221; _builder_version=&#8221;4.22.0&#8243; _module_preset=&#8221;default&#8221; global_colors_info=&#8221;{}&#8221;][\/et_pb_contact_field][et_pb_contact_field field_id=&#8221;Message&#8221; field_title=&#8221;message&#8221; field_type=&#8221;text&#8221; fullwidth_field=&#8221;on&#8221; _builder_version=&#8221;4.22.0&#8243; global_colors_info=&#8221;{}&#8221; button_text_size__hover_enabled=&#8221;off&#8221; button_one_text_size__hover_enabled=&#8221;off&#8221; button_two_text_size__hover_enabled=&#8221;off&#8221; button_text_color__hover_enabled=&#8221;off&#8221; button_one_text_color__hover_enabled=&#8221;off&#8221; button_two_text_color__hover_enabled=&#8221;off&#8221; button_border_width__hover_enabled=&#8221;off&#8221; button_one_border_width__hover_enabled=&#8221;off&#8221; button_two_border_width__hover_enabled=&#8221;off&#8221; button_border_color__hover_enabled=&#8221;off&#8221; button_one_border_color__hover_enabled=&#8221;off&#8221; button_two_border_color__hover_enabled=&#8221;off&#8221; button_border_radius__hover_enabled=&#8221;off&#8221; button_one_border_radius__hover_enabled=&#8221;off&#8221; button_two_border_radius__hover_enabled=&#8221;off&#8221; button_letter_spacing__hover_enabled=&#8221;off&#8221; button_one_letter_spacing__hover_enabled=&#8221;off&#8221; button_two_letter_spacing__hover_enabled=&#8221;off&#8221; button_bg_color__hover_enabled=&#8221;off&#8221; button_one_bg_color__hover_enabled=&#8221;off&#8221; button_two_bg_color__hover_enabled=&#8221;off&#8221;][\/et_pb_contact_field][et_pb_contact_field field_id=&#8221;Field_5&#8243; field_title=&#8221; &#8221; field_type=&#8221;checkbox&#8221; checkbox_options=&#8221;%91{%22value%22:%22I consent to the processing of my personal data in accordance with the Personal Data Protection Act for the purpose of (e.g. sending commercial information). Providing personal data is voluntary. I have been informed that I have the right to access my data, the possibility of correcting it, and to demand that it no longer be processed. The data administrator is 4Values \u200b\u200bsp. z o.o., ul. Parzniewska 4, 05-800 Pruszk\u00f3w.%22,%22checked%22:0,%22dragID%22:-1}%93&#8243; fullwidth_field=&#8221;on&#8221; _builder_version=&#8221;4.22.0&#8243; _module_preset=&#8221;default&#8221; form_field_text_color=&#8221;#808080&#8243; form_field_font_size=&#8221;9px&#8221; global_colors_info=&#8221;{}&#8221;][\/et_pb_contact_field][\/et_pb_contact_form][\/et_pb_column][\/et_pb_row][\/et_pb_section]<\/p>\n","protected":false},"excerpt":{"rendered":"<p>About usThe name 4Values comes from our 4 core values:A company operating a distribution centre that handles orders sent to Poland, but also to more than 100 countries around the world, including European Union, Middle and Far East, North America, etc. &#8211; We are three partners: Marta Ma\u0142ecka, Przemek Zborowski and Pawe\u0142 Bednarz. We set [&hellip;]<\/p>\n","protected":false},"author":4,"featured_media":0,"parent":0,"menu_order":0,"comment_status":"closed","ping_status":"closed","template":"","meta":{"_et_pb_use_builder":"on","_et_pb_old_content":"","_et_gb_content_width":"","inline_featured_image":false,"footnotes":""},"class_list":["post-7661","page","type-page","status-publish","hentry"],"yoast_head":"<!-- This site is optimized with the Yoast SEO plugin v26.8 - https:\/\/yoast.com\/product\/yoast-seo-wordpress\/ -->\n<title>Our values - 4Values<\/title>\n<meta name=\"robots\" content=\"index, follow, max-snippet:-1, max-image-preview:large, max-video-preview:-1\" \/>\n<link rel=\"canonical\" href=\"https:\/\/4values.pl\/en\/our-values\/\" \/>\n<meta property=\"og:locale\" content=\"en_US\" \/>\n<meta property=\"og:type\" content=\"article\" \/>\n<meta property=\"og:title\" content=\"Our values - 4Values\" \/>\n<meta property=\"og:description\" content=\"About usThe name 4Values comes from our 4 core values:A company operating a distribution centre that handles orders sent to Poland, but also to more than 100 countries around the world, including European Union, Middle and Far East, North America, etc. - We are three partners: Marta Ma\u0142ecka, Przemek Zborowski and Pawe\u0142 Bednarz. We set [&hellip;]\" \/>\n<meta property=\"og:url\" content=\"https:\/\/4values.pl\/en\/our-values\/\" \/>\n<meta property=\"og:site_name\" content=\"4Values\" \/>\n<meta property=\"article:modified_time\" content=\"2024-09-09T11:27:58+00:00\" \/>\n<meta name=\"twitter:card\" content=\"summary_large_image\" \/>\n<meta name=\"twitter:label1\" content=\"Est. reading time\" \/>\n\t<meta name=\"twitter:data1\" content=\"4 minutes\" \/>\n<script type=\"application\/ld+json\" class=\"yoast-schema-graph\">{\"@context\":\"https:\/\/schema.org\",\"@graph\":[{\"@type\":\"WebPage\",\"@id\":\"https:\/\/4values.pl\/en\/our-values\/\",\"url\":\"https:\/\/4values.pl\/en\/our-values\/\",\"name\":\"Our values - 4Values\",\"isPartOf\":{\"@id\":\"https:\/\/4values.pl\/en\/#website\"},\"datePublished\":\"2023-09-13T10:49:46+00:00\",\"dateModified\":\"2024-09-09T11:27:58+00:00\",\"breadcrumb\":{\"@id\":\"https:\/\/4values.pl\/en\/our-values\/#breadcrumb\"},\"inLanguage\":\"en-US\",\"potentialAction\":[{\"@type\":\"ReadAction\",\"target\":[\"https:\/\/4values.pl\/en\/our-values\/\"]}]},{\"@type\":\"BreadcrumbList\",\"@id\":\"https:\/\/4values.pl\/en\/our-values\/#breadcrumb\",\"itemListElement\":[{\"@type\":\"ListItem\",\"position\":1,\"name\":\"Strona g\u0142\u00f3wna\",\"item\":\"https:\/\/4values.pl\/en\/\"},{\"@type\":\"ListItem\",\"position\":2,\"name\":\"Our values\"}]},{\"@type\":\"WebSite\",\"@id\":\"https:\/\/4values.pl\/en\/#website\",\"url\":\"https:\/\/4values.pl\/en\/\",\"name\":\"4Values\",\"description\":\"Centrum logistyczne\",\"publisher\":{\"@id\":\"https:\/\/4values.pl\/en\/#organization\"},\"potentialAction\":[{\"@type\":\"SearchAction\",\"target\":{\"@type\":\"EntryPoint\",\"urlTemplate\":\"https:\/\/4values.pl\/en\/?s={search_term_string}\"},\"query-input\":{\"@type\":\"PropertyValueSpecification\",\"valueRequired\":true,\"valueName\":\"search_term_string\"}}],\"inLanguage\":\"en-US\"},{\"@type\":\"Organization\",\"@id\":\"https:\/\/4values.pl\/en\/#organization\",\"name\":\"4Values Sp. z o.o.\",\"url\":\"https:\/\/4values.pl\/en\/\",\"logo\":{\"@type\":\"ImageObject\",\"inLanguage\":\"en-US\",\"@id\":\"https:\/\/4values.pl\/en\/#\/schema\/logo\/image\/\",\"url\":\"https:\/\/4values.pl\/wp-content\/uploads\/2023\/08\/logoZasob-2.svg\",\"contentUrl\":\"https:\/\/4values.pl\/wp-content\/uploads\/2023\/08\/logoZasob-2.svg\",\"width\":\"1024\",\"height\":\"1024\",\"caption\":\"4Values Sp. z o.o.\"},\"image\":{\"@id\":\"https:\/\/4values.pl\/en\/#\/schema\/logo\/image\/\"}}]}<\/script>\n<!-- \/ Yoast SEO plugin. -->","yoast_head_json":{"title":"Our values - 4Values","robots":{"index":"index","follow":"follow","max-snippet":"max-snippet:-1","max-image-preview":"max-image-preview:large","max-video-preview":"max-video-preview:-1"},"canonical":"https:\/\/4values.pl\/en\/our-values\/","og_locale":"en_US","og_type":"article","og_title":"Our values - 4Values","og_description":"About usThe name 4Values comes from our 4 core values:A company operating a distribution centre that handles orders sent to Poland, but also to more than 100 countries around the world, including European Union, Middle and Far East, North America, etc. - We are three partners: Marta Ma\u0142ecka, Przemek Zborowski and Pawe\u0142 Bednarz. We set [&hellip;]","og_url":"https:\/\/4values.pl\/en\/our-values\/","og_site_name":"4Values","article_modified_time":"2024-09-09T11:27:58+00:00","twitter_card":"summary_large_image","twitter_misc":{"Est. reading time":"4 minutes"},"schema":{"@context":"https:\/\/schema.org","@graph":[{"@type":"WebPage","@id":"https:\/\/4values.pl\/en\/our-values\/","url":"https:\/\/4values.pl\/en\/our-values\/","name":"Our values - 4Values","isPartOf":{"@id":"https:\/\/4values.pl\/en\/#website"},"datePublished":"2023-09-13T10:49:46+00:00","dateModified":"2024-09-09T11:27:58+00:00","breadcrumb":{"@id":"https:\/\/4values.pl\/en\/our-values\/#breadcrumb"},"inLanguage":"en-US","potentialAction":[{"@type":"ReadAction","target":["https:\/\/4values.pl\/en\/our-values\/"]}]},{"@type":"BreadcrumbList","@id":"https:\/\/4values.pl\/en\/our-values\/#breadcrumb","itemListElement":[{"@type":"ListItem","position":1,"name":"Strona g\u0142\u00f3wna","item":"https:\/\/4values.pl\/en\/"},{"@type":"ListItem","position":2,"name":"Our values"}]},{"@type":"WebSite","@id":"https:\/\/4values.pl\/en\/#website","url":"https:\/\/4values.pl\/en\/","name":"4Values","description":"Centrum logistyczne","publisher":{"@id":"https:\/\/4values.pl\/en\/#organization"},"potentialAction":[{"@type":"SearchAction","target":{"@type":"EntryPoint","urlTemplate":"https:\/\/4values.pl\/en\/?s={search_term_string}"},"query-input":{"@type":"PropertyValueSpecification","valueRequired":true,"valueName":"search_term_string"}}],"inLanguage":"en-US"},{"@type":"Organization","@id":"https:\/\/4values.pl\/en\/#organization","name":"4Values Sp. z o.o.","url":"https:\/\/4values.pl\/en\/","logo":{"@type":"ImageObject","inLanguage":"en-US","@id":"https:\/\/4values.pl\/en\/#\/schema\/logo\/image\/","url":"https:\/\/4values.pl\/wp-content\/uploads\/2023\/08\/logoZasob-2.svg","contentUrl":"https:\/\/4values.pl\/wp-content\/uploads\/2023\/08\/logoZasob-2.svg","width":"1024","height":"1024","caption":"4Values Sp. z o.o."},"image":{"@id":"https:\/\/4values.pl\/en\/#\/schema\/logo\/image\/"}}]}},"_links":{"self":[{"href":"https:\/\/4values.pl\/en\/wp-json\/wp\/v2\/pages\/7661","targetHints":{"allow":["GET"]}}],"collection":[{"href":"https:\/\/4values.pl\/en\/wp-json\/wp\/v2\/pages"}],"about":[{"href":"https:\/\/4values.pl\/en\/wp-json\/wp\/v2\/types\/page"}],"author":[{"embeddable":true,"href":"https:\/\/4values.pl\/en\/wp-json\/wp\/v2\/users\/4"}],"replies":[{"embeddable":true,"href":"https:\/\/4values.pl\/en\/wp-json\/wp\/v2\/comments?post=7661"}],"version-history":[{"count":4,"href":"https:\/\/4values.pl\/en\/wp-json\/wp\/v2\/pages\/7661\/revisions"}],"predecessor-version":[{"id":7725,"href":"https:\/\/4values.pl\/en\/wp-json\/wp\/v2\/pages\/7661\/revisions\/7725"}],"wp:attachment":[{"href":"https:\/\/4values.pl\/en\/wp-json\/wp\/v2\/media?parent=7661"}],"curies":[{"name":"wp","href":"https:\/\/api.w.org\/{rel}","templated":true}]}}