{"id":7697,"date":"2023-10-26T10:08:20","date_gmt":"2023-10-26T10:08:20","guid":{"rendered":"https:\/\/4values.pl\/order-picking\/"},"modified":"2024-09-09T09:40:35","modified_gmt":"2024-09-09T09:40:35","slug":"order-picking","status":"publish","type":"page","link":"https:\/\/4values.pl\/en\/order-picking\/","title":{"rendered":"Order picking"},"content":{"rendered":"<p>[et_pb_section fb_built=&#8221;1&#8243; _builder_version=&#8221;4.22.0&#8243; _module_preset=&#8221;default&#8221; background_enable_color=&#8221;off&#8221; background_image=&#8221;https:\/\/4values.pl\/wp-content\/uploads\/2023\/09\/zwrotyZasob-9.png&#8221; background_size=&#8221;initial&#8221; position_origin_a=&#8221;top_center&#8221; custom_margin=&#8221;-112px||||false|false&#8221; custom_padding=&#8221;100px||120px||false|false&#8221; locked=&#8221;off&#8221; global_colors_info=&#8221;{}&#8221;][et_pb_row _builder_version=&#8221;4.16&#8243; _module_preset=&#8221;default&#8221; custom_margin=&#8221;60px|auto||auto||&#8221; global_colors_info=&#8221;{}&#8221;][et_pb_column type=&#8221;4_4&#8243; _builder_version=&#8221;4.16&#8243; _module_preset=&#8221;default&#8221; global_colors_info=&#8221;{}&#8221;][et_pb_text _builder_version=&#8221;4.23&#8243; _module_preset=&#8221;default&#8221; text_font=&#8221;|300|||||||&#8221; text_text_color=&#8221;#FFFFFF&#8221; text_font_size=&#8221;20px&#8221; header_font=&#8221;|700|||||||&#8221; header_text_color=&#8221;#FFFFFF&#8221; header_font_size=&#8221;45px&#8221; header_letter_spacing=&#8221;2px&#8221; header_text_shadow_style=&#8221;preset3&#8243; global_colors_info=&#8221;{}&#8221;]<\/p>\n<h1 style=\"text-align: center;\">ORDER PICKING<\/h1>\n<p>[\/et_pb_text][\/et_pb_column][\/et_pb_row][\/et_pb_section][et_pb_section fb_built=&#8221;1&#8243; _builder_version=&#8221;4.22.0&#8243; _module_preset=&#8221;default&#8221; custom_padding=&#8221;51px||0px|||&#8221; locked=&#8221;off&#8221; global_colors_info=&#8221;{}&#8221;][et_pb_row column_structure=&#8221;1_2,1_2&#8243; _builder_version=&#8221;4.22.0&#8243; _module_preset=&#8221;default&#8221; max_width=&#8221;1600px&#8221; module_alignment=&#8221;center&#8221; global_colors_info=&#8221;{}&#8221;][et_pb_column type=&#8221;1_2&#8243; _builder_version=&#8221;4.22.0&#8243; _module_preset=&#8221;default&#8221; global_colors_info=&#8221;{}&#8221;][et_pb_text module_class=&#8221;usluga&#8221; _builder_version=&#8221;4.23&#8243; _module_preset=&#8221;default&#8221; max_width=&#8221;80%&#8221; max_width_tablet=&#8221;100%&#8221; max_width_phone=&#8221;100%&#8221; max_width_last_edited=&#8221;on|phone&#8221; module_alignment=&#8221;right&#8221; custom_margin=&#8221;8px|||||&#8221; hover_enabled=&#8221;0&#8243; module_alignment_tablet=&#8221;right&#8221; module_alignment_phone=&#8221;center&#8221; module_alignment_last_edited=&#8221;on|tablet&#8221; global_colors_info=&#8221;{}&#8221; sticky_enabled=&#8221;0&#8243;]<\/p>\n<h2>Order<br \/><i>picking<\/i><\/h2>\n<p>In the busy world of e-commerce, efficient order fulfilment logistics are an important part of building a positive customer experience and minimising operational costs. Have you ever wondered about the benefits of an advanced order picking strategy? Here&#8217;s an introduction to the fascinating world where speed, precision and advanced technology turn ordinary orders into a powerful business development mechanism. Together, we&#8217;ll discover why you should invest in an innovative approach to picking now, and open the door to new opportunities in the world of e-commerce.<\/p>\n<h3>What is order picking?<\/h3>\n<p>Order picking is the process of collecting, packing and preparing various products or materials to be shipped or delivered to customers. Depending on the industry and the specifics, order picking may look slightly different, but there are many common elements. It is worth noting that picking can be both a manual and an automated process. Warehouses use technology such as barcode scanners and IT systems to help staff identify and pick products. In practice it looks like this:<\/p>\n<p><strong>1. Order preparation<\/strong><br \/>The first step in the picking process is to identify the order information &#8211; the products to be picked, their quantity, but also the customer details and delivery address. This information forms the basis for the next steps.\n<\/p>\n<p><strong>2. Finding products<\/strong><br \/>The system (based on the order data provided to it) determines the most optimal route for the warehouse worker to collect the ordered products.<\/p>\n<p><strong>3. Quality control<\/strong><br \/>The collected products are assembled into a single order. Special attention is paid to quality control to ensure that all products are in perfect condition and in accordance with the order.<\/p>\n<p><strong>4. Packing<\/strong><br \/>Once the order has been completed, the products are packaged in a suitable manner according to the standards and requirements of the customer.<\/p>\n<p><strong>5. Dispatch<\/strong><br \/>The final stage is to prepare the order for despatch. This includes printing and affixing the shipping label, sending the parcel to the courier company and informing the customer of the delivery status.<\/p>\n<p>[\/et_pb_text][\/et_pb_column][et_pb_column type=&#8221;1_2&#8243; _builder_version=&#8221;4.22.0&#8243; _module_preset=&#8221;default&#8221; global_colors_info=&#8221;{}&#8221;][et_pb_image src=&#8221;https:\/\/4values.pl\/wp-content\/uploads\/2023\/08\/obsluga-zwrotow-4values.png&#8221; title_text=&#8221;zwroty-4values&#8221; _builder_version=&#8221;4.23&#8243; _module_preset=&#8221;default&#8221; global_colors_info=&#8221;{}&#8221;][\/et_pb_image][\/et_pb_column][\/et_pb_row][et_pb_row column_structure=&#8221;1_2,1_2&#8243; _builder_version=&#8221;4.22.0&#8243; _module_preset=&#8221;default&#8221; max_width=&#8221;1600px&#8221; module_alignment=&#8221;center&#8221; locked=&#8221;off&#8221; global_colors_info=&#8221;{}&#8221;][et_pb_column type=&#8221;1_2&#8243; _builder_version=&#8221;4.22.0&#8243; _module_preset=&#8221;default&#8221; global_colors_info=&#8221;{}&#8221;][et_pb_image src=&#8221;https:\/\/4values.pl\/wp-content\/uploads\/2023\/08\/copacking-4values-warszawa.jpg&#8221; title_text=&#8221;copacking-4values-warszawa&#8221; _builder_version=&#8221;4.23&#8243; _module_preset=&#8221;default&#8221; global_colors_info=&#8221;{}&#8221;][\/et_pb_image][\/et_pb_column][et_pb_column type=&#8221;1_2&#8243; _builder_version=&#8221;4.22.0&#8243; _module_preset=&#8221;default&#8221; global_colors_info=&#8221;{}&#8221;][et_pb_text module_class=&#8221;usluga&#8221; _builder_version=&#8221;4.23&#8243; _module_preset=&#8221;default&#8221; max_width=&#8221;80%&#8221; max_width_tablet=&#8221;100%&#8221; max_width_phone=&#8221;100%&#8221; max_width_last_edited=&#8221;on|phone&#8221; module_alignment=&#8221;left&#8221; custom_margin=&#8221;40px|||||&#8221; hover_enabled=&#8221;0&#8243; global_colors_info=&#8221;{}&#8221; sticky_enabled=&#8221;0&#8243;]<\/p>\n<h3>Automation and flexibility in picking.<\/h3>\n<p>The ability to adapt quickly to changing market conditions is a key element of successful logistics. As a result, many companies are investing in technologies and strategies that help optimise the picking process, such as warehouse management systems (WMS) and process automation. Automation and flexibility in the picking process are becoming integral tools that can revolutionise the way your business handles orders. Why? Because it affects a number of factors, including<\/p>\n<p><strong>Speed and accuracy:<\/strong><br \/>Automatyzacja pozwala na szybsze przetwarzanie zam\u00f3wie\u0144 i eliminuje ryzyko ludzkich b\u0142\u0119d\u00f3w, co gwarantuje, \u017ce zam\u00f3wienia s\u0105 kompletowane szybko i z najwy\u017csz\u0105 precyzj\u0105. To kluczowe zw\u0142aszcza w przypadku du\u017cej ilo\u015bci zam\u00f3wie\u0144, kiedy manualne procesy mog\u0105 okaza\u0107 si\u0119 niewystarczaj\u0105ce.<\/p>\n<p><strong>Adapt to change:<\/strong><br \/>Flexibility in order picking allows you to adapt to seasonal fluctuations, promotions or even unexpected events. Flexibility also means being able to easily adapt to customer requirements. The ability to respond to these factors gives you a competitive advantage.<\/p>\n<p><strong>Cost optimisation:<\/strong><br \/>While the initial investment may be significant, the long-term benefits in terms of reducing errors, shortening lead times and optimising warehouse resources outweigh this cost.<\/p>\n<p><strong>Real-time operation:<\/strong><br \/>You can easily track progress, identify potential delays and make quick decisions in response to current events, in line with your operational strategy.<\/p>\n<p><strong>Improve customer experience:<\/strong><br \/>Customers expect not only fast, but error-free order fulfillment. Automation and flexibility minimise the risk of errors, which translates into customer satisfaction.<\/p>\n<p>Given these benefits, companies that invest in these areas can expect not only more efficient order fulfillment, but also a stronger competitive position in the marketplace.<\/p>\n<p>[\/et_pb_text][\/et_pb_column][\/et_pb_row][et_pb_row _builder_version=&#8221;4.23&#8243; _module_preset=&#8221;default&#8221;][et_pb_column _builder_version=&#8221;4.23&#8243; _module_preset=&#8221;default&#8221; type=&#8221;4_4&#8243;][et_pb_text _builder_version=&#8221;4.23&#8243; _module_preset=&#8221;default&#8221; module_class=&#8221;usluga&#8221; text_orientation=&#8221;center&#8221; hover_enabled=&#8221;0&#8243; sticky_enabled=&#8221;0&#8243;]<\/p>\n<h3>Minimise costs and maximise customer satisfaction!<\/h3>\n<p>Discover the secret to fast and accurate order picking that not only delivers products to your customers, but also revolutionises your business processes. This powerful strategy can dramatically improve your customers&#8217; experience, minimise operational costs and help build your company&#8217;s reputation. You&#8217;ve probably been dreaming about making running your online store less stressful, haven&#8217;t you? You&#8217;ve come to the right place! Our fulfilment service is here to make your life easier and let you focus on what you really love &#8211; your business. See for yourself how easy and enjoyable order management can be. Take advantage of our order picking service and discover a new level of convenience.<br \/>\n[\/et_pb_text][\/et_pb_column][\/et_pb_row][\/et_pb_section][et_pb_section fb_built=&#8221;1&#8243; _builder_version=&#8221;4.22.0&#8243; _module_preset=&#8221;default&#8221; custom_padding=&#8221;12px||3px|||&#8221; global_module=&#8221;7070&#8243; saved_tabs=&#8221;all&#8221; locked=&#8221;off&#8221; global_colors_info=&#8221;{}&#8221;][et_pb_row column_structure=&#8221;1_2,1_2&#8243; _builder_version=&#8221;4.22.0&#8243; _module_preset=&#8221;default&#8221; background_color=&#8221;#f8f9fa&#8221; width_tablet=&#8221;100%&#8221; width_phone=&#8221;&#8221; width_last_edited=&#8221;on|phone&#8221; max_width=&#8221;1600px&#8221; custom_padding=&#8221;4px||4px|||&#8221; global_colors_info=&#8221;{}&#8221;][et_pb_column type=&#8221;1_2&#8243; _builder_version=&#8221;4.22.0&#8243; _module_preset=&#8221;default&#8221; global_colors_info=&#8221;{}&#8221;][et_pb_code _builder_version=&#8221;4.22.0&#8243; _module_preset=&#8221;default&#8221; custom_margin=&#8221;-2px|||||&#8221; global_colors_info=&#8221;{}&#8221;]<iframe src=\"https:\/\/www.google.com\/maps\/embed?pb=!1m18!1m12!1m3!1d2446.9338438137274!2d20.763620677037167!3d52.17189626194336!2m3!1f0!2f0!3f0!3m2!1i1024!2i768!4f13.1!3m3!1m2!1s0x47194bb1ff27b927%3A0xb1a0101a544a6578!2s4Values%20Sp.%20z%20o.o.!5e0!3m2!1spl!2spl!4v1692884366597!5m2!1spl!2spl\" width=\"100%\" height=\"560px\" style=\"border:0;\" allowfullscreen=\"\" loading=\"lazy\" referrerpolicy=\"no-referrer-when-downgrade\"><\/iframe>[\/et_pb_code][\/et_pb_column][et_pb_column type=&#8221;1_2&#8243; _builder_version=&#8221;4.22.0&#8243; _module_preset=&#8221;default&#8221; custom_padding_tablet=&#8221;|5%||5%|false|false&#8221; custom_padding_phone=&#8221;&#8221; custom_padding_last_edited=&#8221;on|phone&#8221; global_colors_info=&#8221;{}&#8221;][et_pb_text module_class=&#8221;naglowek-blue form&#8221; _builder_version=&#8221;4.22.0&#8243; _module_preset=&#8221;default&#8221; text_font_size=&#8221;30px&#8221; header_3_font=&#8221;|700|||||||&#8221; header_3_text_align=&#8221;center&#8221; header_3_font_size=&#8221;30px&#8221; width_tablet=&#8221;&#8221; width_phone=&#8221;&#8221; width_last_edited=&#8221;on|phone&#8221; custom_margin=&#8221;33px||26px|||&#8221; locked=&#8221;off&#8221; global_colors_info=&#8221;{}&#8221;]<\/p>\n<h4>Write <i>to us<\/i><\/h4>\n<p>[\/et_pb_text][et_pb_contact_form captcha=&#8221;off&#8221; email=&#8221;info@4values.pl&#8221; submit_button_text=&#8221;send&#8221; _builder_version=&#8221;4.23&#8243; _module_preset=&#8221;default&#8221; _unique_id=&#8221;4ac38d15-51bb-401e-a2f3-19f940350afc&#8221; form_field_background_color=&#8221;#FFFFFF&#8221; custom_button=&#8221;on&#8221; button_text_size=&#8221;14px&#8221; button_custom_margin=&#8221;||||false|false&#8221; button_custom_padding=&#8221;|40px||40px|false|false&#8221; button_custom_padding_tablet=&#8221;|40px||40px|false|false&#8221; button_custom_padding_phone=&#8221;|40px||40px|false|false&#8221; button_custom_padding_last_edited=&#8221;on|phone&#8221; max_width=&#8221;500px&#8221; custom_margin=&#8221;||||false|false&#8221; custom_padding=&#8221;||42px|||&#8221; global_colors_info=&#8221;{}&#8221;][et_pb_contact_field field_id=&#8221;Name&#8221; field_title=&#8221;name&#8221; _builder_version=&#8221;4.22.0&#8243; global_colors_info=&#8221;{}&#8221; button_text_size__hover_enabled=&#8221;off&#8221; button_one_text_size__hover_enabled=&#8221;off&#8221; button_two_text_size__hover_enabled=&#8221;off&#8221; button_text_color__hover_enabled=&#8221;off&#8221; button_one_text_color__hover_enabled=&#8221;off&#8221; button_two_text_color__hover_enabled=&#8221;off&#8221; button_border_width__hover_enabled=&#8221;off&#8221; button_one_border_width__hover_enabled=&#8221;off&#8221; button_two_border_width__hover_enabled=&#8221;off&#8221; button_border_color__hover_enabled=&#8221;off&#8221; button_one_border_color__hover_enabled=&#8221;off&#8221; button_two_border_color__hover_enabled=&#8221;off&#8221; button_border_radius__hover_enabled=&#8221;off&#8221; button_one_border_radius__hover_enabled=&#8221;off&#8221; button_two_border_radius__hover_enabled=&#8221;off&#8221; button_letter_spacing__hover_enabled=&#8221;off&#8221; button_one_letter_spacing__hover_enabled=&#8221;off&#8221; button_two_letter_spacing__hover_enabled=&#8221;off&#8221; button_bg_color__hover_enabled=&#8221;off&#8221; button_one_bg_color__hover_enabled=&#8221;off&#8221; button_two_bg_color__hover_enabled=&#8221;off&#8221;][\/et_pb_contact_field][et_pb_contact_field field_id=&#8221;Email&#8221; field_title=&#8221;e-mail&#8221; field_type=&#8221;email&#8221; _builder_version=&#8221;4.22.0&#8243; global_colors_info=&#8221;{}&#8221; button_text_size__hover_enabled=&#8221;off&#8221; button_one_text_size__hover_enabled=&#8221;off&#8221; button_two_text_size__hover_enabled=&#8221;off&#8221; button_text_color__hover_enabled=&#8221;off&#8221; button_one_text_color__hover_enabled=&#8221;off&#8221; button_two_text_color__hover_enabled=&#8221;off&#8221; button_border_width__hover_enabled=&#8221;off&#8221; button_one_border_width__hover_enabled=&#8221;off&#8221; button_two_border_width__hover_enabled=&#8221;off&#8221; button_border_color__hover_enabled=&#8221;off&#8221; button_one_border_color__hover_enabled=&#8221;off&#8221; button_two_border_color__hover_enabled=&#8221;off&#8221; button_border_radius__hover_enabled=&#8221;off&#8221; button_one_border_radius__hover_enabled=&#8221;off&#8221; button_two_border_radius__hover_enabled=&#8221;off&#8221; button_letter_spacing__hover_enabled=&#8221;off&#8221; button_one_letter_spacing__hover_enabled=&#8221;off&#8221; button_two_letter_spacing__hover_enabled=&#8221;off&#8221; button_bg_color__hover_enabled=&#8221;off&#8221; button_one_bg_color__hover_enabled=&#8221;off&#8221; button_two_bg_color__hover_enabled=&#8221;off&#8221;][\/et_pb_contact_field][et_pb_contact_field field_id=&#8221;temat&#8221; field_title=&#8221;subject&#8221; fullwidth_field=&#8221;on&#8221; _builder_version=&#8221;4.22.0&#8243; _module_preset=&#8221;default&#8221; global_colors_info=&#8221;{}&#8221;][\/et_pb_contact_field][et_pb_contact_field field_id=&#8221;Message&#8221; field_title=&#8221;message&#8221; field_type=&#8221;text&#8221; fullwidth_field=&#8221;on&#8221; _builder_version=&#8221;4.22.0&#8243; global_colors_info=&#8221;{}&#8221; button_text_size__hover_enabled=&#8221;off&#8221; button_one_text_size__hover_enabled=&#8221;off&#8221; button_two_text_size__hover_enabled=&#8221;off&#8221; button_text_color__hover_enabled=&#8221;off&#8221; button_one_text_color__hover_enabled=&#8221;off&#8221; button_two_text_color__hover_enabled=&#8221;off&#8221; button_border_width__hover_enabled=&#8221;off&#8221; button_one_border_width__hover_enabled=&#8221;off&#8221; button_two_border_width__hover_enabled=&#8221;off&#8221; button_border_color__hover_enabled=&#8221;off&#8221; button_one_border_color__hover_enabled=&#8221;off&#8221; button_two_border_color__hover_enabled=&#8221;off&#8221; button_border_radius__hover_enabled=&#8221;off&#8221; button_one_border_radius__hover_enabled=&#8221;off&#8221; button_two_border_radius__hover_enabled=&#8221;off&#8221; button_letter_spacing__hover_enabled=&#8221;off&#8221; button_one_letter_spacing__hover_enabled=&#8221;off&#8221; button_two_letter_spacing__hover_enabled=&#8221;off&#8221; button_bg_color__hover_enabled=&#8221;off&#8221; button_one_bg_color__hover_enabled=&#8221;off&#8221; button_two_bg_color__hover_enabled=&#8221;off&#8221;][\/et_pb_contact_field][et_pb_contact_field field_id=&#8221;Field_5&#8243; field_title=&#8221; &#8221; field_type=&#8221;checkbox&#8221; checkbox_options=&#8221;%91{%22value%22:%22I consent to the processing of my personal data in accordance with the Personal Data Protection Act for the purpose of (e.g. sending commercial information). Providing personal data is voluntary. I have been informed that I have the right to access my data, the possibility of correcting it, and to demand that it no longer be processed. The data administrator is 4Values \u200b\u200bsp. z o.o., ul. Parzniewska 4, 05-800 Pruszk\u00f3w.%22,%22checked%22:0,%22dragID%22:-1}%93&#8243; fullwidth_field=&#8221;on&#8221; _builder_version=&#8221;4.22.0&#8243; _module_preset=&#8221;default&#8221; form_field_text_color=&#8221;#808080&#8243; form_field_font_size=&#8221;9px&#8221; global_colors_info=&#8221;{}&#8221;][\/et_pb_contact_field][\/et_pb_contact_form][\/et_pb_column][\/et_pb_row][\/et_pb_section]<\/p>\n","protected":false},"excerpt":{"rendered":"<p>ORDER PICKINGOrderpicking In the busy world of e-commerce, efficient order fulfilment logistics are an important part of building a positive customer experience and minimising operational costs. Have you ever wondered about the benefits of an advanced order picking strategy? Here&#8217;s an introduction to the fascinating world where speed, precision and advanced technology turn ordinary orders [&hellip;]<\/p>\n","protected":false},"author":4,"featured_media":0,"parent":0,"menu_order":0,"comment_status":"closed","ping_status":"closed","template":"","meta":{"_et_pb_use_builder":"on","_et_pb_old_content":"","_et_gb_content_width":"","inline_featured_image":false,"footnotes":""},"class_list":["post-7697","page","type-page","status-publish","hentry"],"yoast_head":"<!-- This site is optimized with the Yoast SEO plugin v26.8 - https:\/\/yoast.com\/product\/yoast-seo-wordpress\/ -->\n<title>Order picking - Logistics - 4Values<\/title>\n<meta name=\"description\" content=\"Order picking is the process of collecting, packing and preparing various products or materials to be shipped or delivered to customers.\" \/>\n<meta name=\"robots\" content=\"index, follow, max-snippet:-1, max-image-preview:large, max-video-preview:-1\" \/>\n<link rel=\"canonical\" href=\"https:\/\/4values.pl\/en\/order-picking\/\" \/>\n<meta property=\"og:locale\" content=\"en_US\" \/>\n<meta property=\"og:type\" content=\"article\" \/>\n<meta property=\"og:title\" content=\"Order picking - Logistics - 4Values\" \/>\n<meta property=\"og:description\" content=\"Order picking is the process of collecting, packing and preparing various products or materials to be shipped or delivered to customers.\" \/>\n<meta property=\"og:url\" content=\"https:\/\/4values.pl\/en\/order-picking\/\" \/>\n<meta property=\"og:site_name\" content=\"4Values\" \/>\n<meta property=\"article:modified_time\" content=\"2024-09-09T09:40:35+00:00\" \/>\n<meta name=\"twitter:card\" content=\"summary_large_image\" \/>\n<meta name=\"twitter:label1\" content=\"Est. reading time\" \/>\n\t<meta name=\"twitter:data1\" content=\"10 minutes\" \/>\n<script type=\"application\/ld+json\" class=\"yoast-schema-graph\">{\"@context\":\"https:\/\/schema.org\",\"@graph\":[{\"@type\":\"WebPage\",\"@id\":\"https:\/\/4values.pl\/en\/order-picking\/\",\"url\":\"https:\/\/4values.pl\/en\/order-picking\/\",\"name\":\"Order picking - Logistics - 4Values\",\"isPartOf\":{\"@id\":\"https:\/\/4values.pl\/en\/#website\"},\"datePublished\":\"2023-10-26T10:08:20+00:00\",\"dateModified\":\"2024-09-09T09:40:35+00:00\",\"description\":\"Order picking is the process of collecting, packing and preparing various products or materials to be shipped or delivered to customers.\",\"breadcrumb\":{\"@id\":\"https:\/\/4values.pl\/en\/order-picking\/#breadcrumb\"},\"inLanguage\":\"en-US\",\"potentialAction\":[{\"@type\":\"ReadAction\",\"target\":[\"https:\/\/4values.pl\/en\/order-picking\/\"]}]},{\"@type\":\"BreadcrumbList\",\"@id\":\"https:\/\/4values.pl\/en\/order-picking\/#breadcrumb\",\"itemListElement\":[{\"@type\":\"ListItem\",\"position\":1,\"name\":\"Strona g\u0142\u00f3wna\",\"item\":\"https:\/\/4values.pl\/en\/\"},{\"@type\":\"ListItem\",\"position\":2,\"name\":\"Order picking\"}]},{\"@type\":\"WebSite\",\"@id\":\"https:\/\/4values.pl\/en\/#website\",\"url\":\"https:\/\/4values.pl\/en\/\",\"name\":\"4Values\",\"description\":\"Centrum logistyczne\",\"publisher\":{\"@id\":\"https:\/\/4values.pl\/en\/#organization\"},\"potentialAction\":[{\"@type\":\"SearchAction\",\"target\":{\"@type\":\"EntryPoint\",\"urlTemplate\":\"https:\/\/4values.pl\/en\/?s={search_term_string}\"},\"query-input\":{\"@type\":\"PropertyValueSpecification\",\"valueRequired\":true,\"valueName\":\"search_term_string\"}}],\"inLanguage\":\"en-US\"},{\"@type\":\"Organization\",\"@id\":\"https:\/\/4values.pl\/en\/#organization\",\"name\":\"4Values Sp. z o.o.\",\"url\":\"https:\/\/4values.pl\/en\/\",\"logo\":{\"@type\":\"ImageObject\",\"inLanguage\":\"en-US\",\"@id\":\"https:\/\/4values.pl\/en\/#\/schema\/logo\/image\/\",\"url\":\"https:\/\/4values.pl\/wp-content\/uploads\/2023\/08\/logoZasob-2.svg\",\"contentUrl\":\"https:\/\/4values.pl\/wp-content\/uploads\/2023\/08\/logoZasob-2.svg\",\"width\":\"1024\",\"height\":\"1024\",\"caption\":\"4Values Sp. z o.o.\"},\"image\":{\"@id\":\"https:\/\/4values.pl\/en\/#\/schema\/logo\/image\/\"}}]}<\/script>\n<!-- \/ Yoast SEO plugin. -->","yoast_head_json":{"title":"Order picking - Logistics - 4Values","description":"Order picking is the process of collecting, packing and preparing various products or materials to be shipped or delivered to customers.","robots":{"index":"index","follow":"follow","max-snippet":"max-snippet:-1","max-image-preview":"max-image-preview:large","max-video-preview":"max-video-preview:-1"},"canonical":"https:\/\/4values.pl\/en\/order-picking\/","og_locale":"en_US","og_type":"article","og_title":"Order picking - Logistics - 4Values","og_description":"Order picking is the process of collecting, packing and preparing various products or materials to be shipped or delivered to customers.","og_url":"https:\/\/4values.pl\/en\/order-picking\/","og_site_name":"4Values","article_modified_time":"2024-09-09T09:40:35+00:00","twitter_card":"summary_large_image","twitter_misc":{"Est. reading time":"10 minutes"},"schema":{"@context":"https:\/\/schema.org","@graph":[{"@type":"WebPage","@id":"https:\/\/4values.pl\/en\/order-picking\/","url":"https:\/\/4values.pl\/en\/order-picking\/","name":"Order picking - Logistics - 4Values","isPartOf":{"@id":"https:\/\/4values.pl\/en\/#website"},"datePublished":"2023-10-26T10:08:20+00:00","dateModified":"2024-09-09T09:40:35+00:00","description":"Order picking is the process of collecting, packing and preparing various products or materials to be shipped or delivered to customers.","breadcrumb":{"@id":"https:\/\/4values.pl\/en\/order-picking\/#breadcrumb"},"inLanguage":"en-US","potentialAction":[{"@type":"ReadAction","target":["https:\/\/4values.pl\/en\/order-picking\/"]}]},{"@type":"BreadcrumbList","@id":"https:\/\/4values.pl\/en\/order-picking\/#breadcrumb","itemListElement":[{"@type":"ListItem","position":1,"name":"Strona g\u0142\u00f3wna","item":"https:\/\/4values.pl\/en\/"},{"@type":"ListItem","position":2,"name":"Order picking"}]},{"@type":"WebSite","@id":"https:\/\/4values.pl\/en\/#website","url":"https:\/\/4values.pl\/en\/","name":"4Values","description":"Centrum logistyczne","publisher":{"@id":"https:\/\/4values.pl\/en\/#organization"},"potentialAction":[{"@type":"SearchAction","target":{"@type":"EntryPoint","urlTemplate":"https:\/\/4values.pl\/en\/?s={search_term_string}"},"query-input":{"@type":"PropertyValueSpecification","valueRequired":true,"valueName":"search_term_string"}}],"inLanguage":"en-US"},{"@type":"Organization","@id":"https:\/\/4values.pl\/en\/#organization","name":"4Values Sp. z o.o.","url":"https:\/\/4values.pl\/en\/","logo":{"@type":"ImageObject","inLanguage":"en-US","@id":"https:\/\/4values.pl\/en\/#\/schema\/logo\/image\/","url":"https:\/\/4values.pl\/wp-content\/uploads\/2023\/08\/logoZasob-2.svg","contentUrl":"https:\/\/4values.pl\/wp-content\/uploads\/2023\/08\/logoZasob-2.svg","width":"1024","height":"1024","caption":"4Values Sp. z o.o."},"image":{"@id":"https:\/\/4values.pl\/en\/#\/schema\/logo\/image\/"}}]}},"_links":{"self":[{"href":"https:\/\/4values.pl\/en\/wp-json\/wp\/v2\/pages\/7697","targetHints":{"allow":["GET"]}}],"collection":[{"href":"https:\/\/4values.pl\/en\/wp-json\/wp\/v2\/pages"}],"about":[{"href":"https:\/\/4values.pl\/en\/wp-json\/wp\/v2\/types\/page"}],"author":[{"embeddable":true,"href":"https:\/\/4values.pl\/en\/wp-json\/wp\/v2\/users\/4"}],"replies":[{"embeddable":true,"href":"https:\/\/4values.pl\/en\/wp-json\/wp\/v2\/comments?post=7697"}],"version-history":[{"count":1,"href":"https:\/\/4values.pl\/en\/wp-json\/wp\/v2\/pages\/7697\/revisions"}],"predecessor-version":[{"id":7698,"href":"https:\/\/4values.pl\/en\/wp-json\/wp\/v2\/pages\/7697\/revisions\/7698"}],"wp:attachment":[{"href":"https:\/\/4values.pl\/en\/wp-json\/wp\/v2\/media?parent=7697"}],"curies":[{"name":"wp","href":"https:\/\/api.w.org\/{rel}","templated":true}]}}